{"id":4392,"date":"2022-05-23T16:20:33","date_gmt":"2022-05-23T16:20:33","guid":{"rendered":"https:\/\/themepanthers.com\/wp\/creote\/v1-wp\/?page_id=4392"},"modified":"2023-05-28T22:27:01","modified_gmt":"2023-05-28T19:27:01","slug":"contact","status":"publish","type":"page","link":"https:\/\/technoinn.com\/en\/contact\/","title":{"rendered":"Contact"},"content":{"rendered":"<section class=\"wpb-content-wrapper\"><p>[vc_row][vc_column width=&#8221;1\/2&#8243;] <section class=\"contact_form_box_all type_one\" >\r\n<div class=\"contact_form_box_inner\">\r\n       <div class=\"contact_form_shortcode\">\r\n   \n<div class=\"wpcf7 no-js\" id=\"wpcf7-f5-o1\" lang=\"tr-TR\" dir=\"ltr\" data-wpcf7-id=\"5\">\n<div class=\"screen-reader-response\"><p role=\"status\" aria-live=\"polite\" aria-atomic=\"true\"><\/p> <ul><\/ul><\/div>\n<form action=\"\/en\/wp-json\/wp\/v2\/pages\/4392#wpcf7-f5-o1\" method=\"post\" class=\"wpcf7-form init\" aria-label=\"\u0130leti\u015fim Formu\" novalidate=\"novalidate\" data-status=\"init\">\n<fieldset class=\"hidden-fields-container\"><input type=\"hidden\" name=\"_wpcf7\" value=\"5\" \/><input type=\"hidden\" name=\"_wpcf7_version\" value=\"6.1\" \/><input type=\"hidden\" name=\"_wpcf7_locale\" value=\"tr_TR\" \/><input type=\"hidden\" name=\"_wpcf7_unit_tag\" value=\"wpcf7-f5-o1\" \/><input type=\"hidden\" name=\"_wpcf7_container_post\" value=\"0\" \/><input type=\"hidden\" name=\"_wpcf7_posted_data_hash\" value=\"\" \/>\n<\/fieldset>\n<p><label> Name, Surname<br \/>\n<span class=\"wpcf7-form-control-wrap\" data-name=\"your-name\"><input size=\"40\" maxlength=\"400\" class=\"wpcf7-form-control wpcf7-text wpcf7-validates-as-required\" autocomplete=\"name\" aria-required=\"true\" aria-invalid=\"false\" value=\"\" type=\"text\" name=\"your-name\" \/><\/span> <\/label>\n<\/p>\n<p><label> E-mail Address<br \/>\n<span class=\"wpcf7-form-control-wrap\" data-name=\"your-email\"><input size=\"40\" maxlength=\"400\" class=\"wpcf7-form-control wpcf7-email wpcf7-validates-as-required wpcf7-text wpcf7-validates-as-email\" autocomplete=\"email\" aria-required=\"true\" aria-invalid=\"false\" value=\"\" type=\"email\" name=\"your-email\" \/><\/span> <\/label>\n<\/p>\n<p><label> Subject<br \/>\n<span class=\"wpcf7-form-control-wrap\" data-name=\"your-subject\"><input size=\"40\" maxlength=\"400\" class=\"wpcf7-form-control wpcf7-text wpcf7-validates-as-required\" aria-required=\"true\" aria-invalid=\"false\" value=\"\" type=\"text\" name=\"your-subject\" \/><\/span> <\/label>\n<\/p>\n<p><label> Messages<br \/>\n<span class=\"wpcf7-form-control-wrap\" data-name=\"your-message\"><textarea cols=\"40\" rows=\"10\" maxlength=\"2000\" class=\"wpcf7-form-control wpcf7-textarea\" aria-invalid=\"false\" name=\"your-message\"><\/textarea><\/span> <\/label>\n<\/p>\n<p><input class=\"wpcf7-form-control wpcf7-submit has-spinner\" type=\"submit\" value=\"Submit\" \/>\n<\/p><div class=\"wpcf7-response-output\" aria-hidden=\"true\"><\/div>\n<\/form>\n<\/div>\n   <\/div>\r\n   <\/div>\r\n<\/section>\r\n[\/vc_column][vc_column width=&#8221;1\/2&#8243;]<div class=\"title_all_box  dark_color  \r\nstyle_one\"     style='text-align: left!important;'>\r\n                               <div class=\"title_sections\">\r\n                                     <div class=\"before_title\" style=' '>\r\n                  You can reach us through                  <\/div>\r\n                                                      <h2 style='  '>  Our contact options.<\/h2>\r\n                                                      <p style=' '>  You can contact us for all kinds of questions, opinions, suggestions, requests, offers, etc.<\/p>\r\n                              <\/div>\r\n                            \r\n        <\/div>\r\n[vc_empty_space height=&#8221;18px&#8221;] <div class=\"contact_box_content  style_one\" >\r\n        <div class=\"contact_box_inner  icon_yes \">\r\n                        <div class=\"icon_bx\">\r\n                <span class=\"fa fa-map-marker\"><\/span>\r\n            <\/div>\r\n                    <div class=\"contnet\">\r\n                          <h3> Our Address <\/h3>\r\n                                    <p>\r\n                Ye\u015filoba Mah. 46067 Sk. M.Ba\u015fp\u0131nar Orta \u00d6l\u00e7ekli San. Sit. No:2\/3 - Seyhan \/ ADANA            <\/p>\r\n                        <\/div>\r\n        <\/div>\r\n<\/div>\r\n[vc_empty_space height=&#8221;25px&#8221;] <div class=\"contact_box_content  style_one\" >\r\n        <div class=\"contact_box_inner  icon_yes \">\r\n                        <div class=\"icon_bx\">\r\n                <span class=\"icon icon-phone1\"><\/span>\r\n            <\/div>\r\n                    <div class=\"contnet\">\r\n                          <h3> Speed Contact <\/h3>\r\n                                    <p>\r\n                Tel: 0322 361 35 35 &amp; E-mail: info@technoinn.com            <\/p>\r\n                        <\/div>\r\n        <\/div>\r\n<\/div>\r\n[vc_empty_space height=&#8221;25px&#8221;] <div class=\"contact_box_content  style_one\" >\r\n        <div class=\"contact_box_inner  icon_yes \">\r\n                        <div class=\"icon_bx\">\r\n                <span class=\"fa fa-map-marker\"><\/span>\r\n            <\/div>\r\n                    <div class=\"contnet\">\r\n                          <h3> Our Working Hours <\/h3>\r\n                                    <p>\r\n                Monday-Saturday: 09.00 - 18.00 (Sunday: Closed)            <\/p>\r\n                        <\/div>\r\n        <\/div>\r\n<\/div>\r\n[vc_empty_space height=&#8221;45px&#8221;]<div class=\"social_media_v_one\" style='text-align: left!important;'>\r\n    <ul >\r\n                            <li>\r\n                    <a href=\"https:\/\/www.linkedin.com\/company\/teknohan\/\"  style='background-color: #f0f3f9!important; color: #078586!important;'>\r\n                        <span class=\"fa fa-linkedin\"><\/span>\r\n                        <small>Linkedin<\/small>\r\n                    <\/a>\r\n                <\/li>\r\n                            <li>\r\n                    <a href=\"https:\/\/www.youtube.com\/@teknohanmuhendislik769\"  style='background-color: #f0f3f9!important; color: #078586!important;'>\r\n                        <span class=\"fa fa-youtube\"><\/span>\r\n                        <small>Youtube<\/small>\r\n                    <\/a>\r\n                <\/li>\r\n                            <li>\r\n                    <a href=\"https:\/\/api.whatsapp.com\/send\/?phone=%2B905331455207\"  style='background-color: #f0f3f9!important; color: #078586!important;'>\r\n                        <span class=\"fa fa-whatsapp\"><\/span>\r\n                        <small>WhatsApp<\/small>\r\n                    <\/a>\r\n                <\/li>\r\n                        <\/ul>\r\n<\/div>\r\n[\/vc_column][\/vc_row][vc_row custom_margin=&#8221;70px 0px 0px 0px&#8221;][vc_column][vc_gmaps link=&#8221;#E-8_JTNDaWZyYW1lJTIwc3JjJTNEJTIyaHR0cHMlM0ElMkYlMkZ3d3cuZ29vZ2xlLmNvbSUyRm1hcHMlMkZlbWJlZCUzRnBiJTNEJTIxMW0xNCUyMTFtOCUyMTFtMyUyMTFkMjU0OTguMDQyMjA2MDM4NCUyMTJkMzUuMjU3MTIwNSUyMTNkMzYuOTc5ODM5NCUyMTNtMiUyMTFpMTAyNCUyMTJpNzY4JTIxNGYxMy4xJTIxM20zJTIxMW0yJTIxMXMweDE1Mjg4N2I1MTczNDhkYjElMjUzQTB4NWU5Y2M5NzljN2JjNGM1MyUyMTJzVGVrbm9oYW4lMjUyME0lMjVDMyUyNUJDaGVuZGlzbGlrJTI1MjBNYWtpbmUlMjUyMFNhbi5UaWMuQSUyNUM1JTI1OUUlMjE1ZTAlMjEzbTIlMjExc3RyJTIxMnN0ciUyMTR2MTY4NDcwMDE0NDE0NCUyMTVtMiUyMTFzdHIlMjEyc3RyJTIyJTIwd2lkdGglM0QlMjI2MDAlMjIlMjBoZWlnaHQlM0QlMjI0NTAlMjIlMjBzdHlsZSUzRCUyMmJvcmRlciUzQTAlM0IlMjIlMjBhbGxvd2Z1bGxzY3JlZW4lM0QlMjIlMjIlMjBsb2FkaW5nJTNEJTIybGF6eSUyMiUyMHJlZmVycmVycG9saWN5JTNEJTIybm8tcmVmZXJyZXItd2hlbi1kb3duZ3JhZGUlMjIlM0UlM0MlMkZpZnJhbWUlM0U=&#8221;][\/vc_column][\/vc_row]<\/p>\n<\/section>","protected":false},"excerpt":{"rendered":"<p>[vc_row][vc_column width=&#8221;1\/2&#8243;][\/vc_column][vc_column width=&#8221;1\/2&#8243;][vc_empty_space height=&#8221;18px&#8221;][vc_empty_space height=&#8221;25px&#8221;][vc_empty_space height=&#8221;25px&#8221;][vc_empty_space height=&#8221;45px&#8221;][\/vc_column][\/vc_row][vc_row custom_margin=&#8221;70px 0px 0px 0px&#8221;][vc_column][vc_gmaps link=&#8221;#E-8_JTNDaWZyYW1lJTIwc3JjJTNEJTIyaHR0cHMlM0ElMkYlMkZ3d3cuZ29vZ2xlLmNvbSUyRm1hcHMlMkZlbWJlZCUzRnBiJTNEJTIxMW0xNCUyMTFtOCUyMTFtMyUyMTFkMjU0OTguMDQyMjA2MDM4NCUyMTJkMzUuMjU3MTIwNSUyMTNkMzYuOTc5ODM5NCUyMTNtMiUyMTFpMTAyNCUyMTJpNzY4JTIxNGYxMy4xJTIxM20zJTIxMW0yJTIxMXMweDE1Mjg4N2I1MTczNDhkYjElMjUzQTB4NWU5Y2M5NzljN2JjNGM1MyUyMTJzVGVrbm9oYW4lMjUyME0lMjVDMyUyNUJDaGVuZGlzbGlrJTI1MjBNYWtpbmUlMjUyMFNhbi5UaWMuQSUyNUM1JTI1OUUlMjE1ZTAlMjEzbTIlMjExc3RyJTIxMnN0ciUyMTR2MTY4NDcwMDE0NDE0NCUyMTVtMiUyMTFzdHIlMjEyc3RyJTIyJTIwd2lkdGglM0QlMjI2MDAlMjIlMjBoZWlnaHQlM0QlMjI0NTAlMjIlMjBzdHlsZSUzRCUyMmJvcmRlciUzQTAlM0IlMjIlMjBhbGxvd2Z1bGxzY3JlZW4lM0QlMjIlMjIlMjBsb2FkaW5nJTNEJTIybGF6eSUyMiUyMHJlZmVycmVycG9saWN5JTNEJTIybm8tcmVmZXJyZXItd2hlbi1kb3duZ3JhZGUlMjIlM0UlM0MlMkZpZnJhbWUlM0U=&#8221;][\/vc_column][\/vc_row]<\/p>\n","protected":false},"author":1,"featured_media":0,"parent":0,"menu_order":0,"comment_status":"closed","ping_status":"closed","template":"","meta":{"footnotes":""},"class_list":["post-4392","page","type-page","status-publish","hentry"],"_links":{"self":[{"href":"https:\/\/technoinn.com\/en\/wp-json\/wp\/v2\/pages\/4392","targetHints":{"allow":["GET"]}}],"collection":[{"href":"https:\/\/technoinn.com\/en\/wp-json\/wp\/v2\/pages"}],"about":[{"href":"https:\/\/technoinn.com\/en\/wp-json\/wp\/v2\/types\/page"}],"author":[{"embeddable":true,"href":"https:\/\/technoinn.com\/en\/wp-json\/wp\/v2\/users\/1"}],"replies":[{"embeddable":true,"href":"https:\/\/technoinn.com\/en\/wp-json\/wp\/v2\/comments?post=4392"}],"version-history":[{"count":5,"href":"https:\/\/technoinn.com\/en\/wp-json\/wp\/v2\/pages\/4392\/revisions"}],"predecessor-version":[{"id":5110,"href":"https:\/\/technoinn.com\/en\/wp-json\/wp\/v2\/pages\/4392\/revisions\/5110"}],"wp:attachment":[{"href":"https:\/\/technoinn.com\/en\/wp-json\/wp\/v2\/media?parent=4392"}],"curies":[{"name":"wp","href":"https:\/\/api.w.org\/{rel}","templated":true}]}}